{"id":694,"date":"2021-10-26T11:02:38","date_gmt":"2021-10-26T11:02:38","guid":{"rendered":"https:\/\/cbit.webs.upv.es\/?page_id=694"},"modified":"2021-10-26T11:38:52","modified_gmt":"2021-10-26T11:38:52","slug":"biocord","status":"publish","type":"page","link":"https:\/\/cbit.webs.upv.es\/index.php\/showcase\/biocord\/","title":{"rendered":"BIOCORD"},"content":{"rendered":"\n<p>BIOCORD, \u00abA new bio-active device for Spinal Cord Injury regeneration\u00bb\u00a0is a three year project funded by the 2018 Spanish State R&amp;D Program. The project started in January 2019 and is coordinated by our partner Dr Victoria Moreno Manzano at   Principe Felipe Research Center (<a href=\"https:\/\/www.cipf.es\/\" target=\"_blank\" rel=\"noreferrer noopener\">CIPF<\/a>). <\/p>\n\n\n\n<p>Prof Jorge M\u00e1s Estell\u00e9s and Prof Manuel Monle\u00f3n Pradas co-lead the subproyect at CBIT. BIOCORD proposes the generation of a complex biomaterial designed to successfully rescue neuronal activity after spinal cord injury (SCI). We have previously developed a new scaffold concept that consists in a semi-tubular structure of cross-linked hydrogel with aligned polymer microfibers in the internal wall covered with neural progenitor cells. With BIOCORD we are improving the design of the scaffold while maintaining the biomechanical and anatomical needs of the soft spinal cord tissue, and taking into account the high risks and difficult access with physical impediments to the affected area for local treatments and translational applications. <\/p>\n\n\n\n<p><strong>Papers published with project results<\/strong><\/p>\n","protected":false},"excerpt":{"rendered":"<p>BIOCORD, \u00abA new bio-active device for Spinal Cord Injury regeneration\u00bb\u00a0is a three year project funded by the 2018 Spanish State&hellip;<\/p>\n","protected":false},"author":1,"featured_media":0,"parent":343,"menu_order":0,"comment_status":"closed","ping_status":"closed","template":"","meta":{"footnotes":""},"class_list":["post-694","page","type-page","status-publish","hentry"],"yoast_head":"<!-- This site is optimized with the Yoast SEO plugin v27.4 - https:\/\/yoast.com\/product\/yoast-seo-wordpress\/ -->\n<title>BIOCORD - CBIT<\/title>\n<meta name=\"robots\" content=\"index, follow, max-snippet:-1, max-image-preview:large, max-video-preview:-1\" \/>\n<link rel=\"canonical\" href=\"https:\/\/cbit.webs.upv.es\/index.php\/showcase\/biocord\/\" \/>\n<meta property=\"og:locale\" content=\"es_ES\" \/>\n<meta property=\"og:type\" content=\"article\" \/>\n<meta property=\"og:title\" content=\"BIOCORD - CBIT\" \/>\n<meta property=\"og:description\" content=\"BIOCORD, \u00abA new bio-active device for Spinal Cord Injury regeneration\u00bb\u00a0is a three year project funded by the 2018 Spanish State&hellip;\" \/>\n<meta property=\"og:url\" content=\"https:\/\/cbit.webs.upv.es\/index.php\/showcase\/biocord\/\" \/>\n<meta property=\"og:site_name\" content=\"CBIT\" \/>\n<meta property=\"article:modified_time\" content=\"2021-10-26T11:38:52+00:00\" \/>\n<meta name=\"twitter:card\" content=\"summary_large_image\" \/>\n<meta name=\"twitter:site\" content=\"@CBIT_upv\" \/>\n<meta name=\"twitter:label1\" content=\"Tiempo de lectura\" \/>\n\t<meta name=\"twitter:data1\" content=\"1 minuto\" \/>\n<script type=\"application\/ld+json\" class=\"yoast-schema-graph\">{\"@context\":\"https:\\\/\\\/schema.org\",\"@graph\":[{\"@type\":\"WebPage\",\"@id\":\"https:\\\/\\\/cbit.webs.upv.es\\\/index.php\\\/showcase\\\/biocord\\\/\",\"url\":\"https:\\\/\\\/cbit.webs.upv.es\\\/index.php\\\/showcase\\\/biocord\\\/\",\"name\":\"BIOCORD - CBIT\",\"isPartOf\":{\"@id\":\"https:\\\/\\\/cbit.webs.upv.es\\\/#website\"},\"datePublished\":\"2021-10-26T11:02:38+00:00\",\"dateModified\":\"2021-10-26T11:38:52+00:00\",\"breadcrumb\":{\"@id\":\"https:\\\/\\\/cbit.webs.upv.es\\\/index.php\\\/showcase\\\/biocord\\\/#breadcrumb\"},\"inLanguage\":\"es\",\"potentialAction\":[{\"@type\":\"ReadAction\",\"target\":[\"https:\\\/\\\/cbit.webs.upv.es\\\/index.php\\\/showcase\\\/biocord\\\/\"]}]},{\"@type\":\"BreadcrumbList\",\"@id\":\"https:\\\/\\\/cbit.webs.upv.es\\\/index.php\\\/showcase\\\/biocord\\\/#breadcrumb\",\"itemListElement\":[{\"@type\":\"ListItem\",\"position\":1,\"name\":\"Home\",\"item\":\"https:\\\/\\\/cbit.webs.upv.es\\\/\"},{\"@type\":\"ListItem\",\"position\":2,\"name\":\"Projects Showcase\",\"item\":\"https:\\\/\\\/cbit.webs.upv.es\\\/index.php\\\/showcase\\\/\"},{\"@type\":\"ListItem\",\"position\":3,\"name\":\"BIOCORD\"}]},{\"@type\":\"WebSite\",\"@id\":\"https:\\\/\\\/cbit.webs.upv.es\\\/#website\",\"url\":\"https:\\\/\\\/cbit.webs.upv.es\\\/\",\"name\":\"Centre for Biomaterials and Tissue Engineering - UPV\",\"description\":\"Centre for Biomaterials and Tissue Engineering at the Universitat Polit\u00e8cnica de Val\u00e8ncia\",\"publisher\":{\"@id\":\"https:\\\/\\\/cbit.webs.upv.es\\\/#organization\"},\"potentialAction\":[{\"@type\":\"SearchAction\",\"target\":{\"@type\":\"EntryPoint\",\"urlTemplate\":\"https:\\\/\\\/cbit.webs.upv.es\\\/?s={search_term_string}\"},\"query-input\":{\"@type\":\"PropertyValueSpecification\",\"valueRequired\":true,\"valueName\":\"search_term_string\"}}],\"inLanguage\":\"es\"},{\"@type\":\"Organization\",\"@id\":\"https:\\\/\\\/cbit.webs.upv.es\\\/#organization\",\"name\":\"Centre for Biomaterials and Tissue Engineering - UPV\",\"url\":\"https:\\\/\\\/cbit.webs.upv.es\\\/\",\"logo\":{\"@type\":\"ImageObject\",\"inLanguage\":\"es\",\"@id\":\"https:\\\/\\\/cbit.webs.upv.es\\\/#\\\/schema\\\/logo\\\/image\\\/\",\"url\":\"https:\\\/\\\/cbit.webs.upv.es\\\/wp-content\\\/uploads\\\/2019\\\/10\\\/logo-CBIT-grande.png\",\"contentUrl\":\"https:\\\/\\\/cbit.webs.upv.es\\\/wp-content\\\/uploads\\\/2019\\\/10\\\/logo-CBIT-grande.png\",\"width\":2268,\"height\":689,\"caption\":\"Centre for Biomaterials and Tissue Engineering - UPV\"},\"image\":{\"@id\":\"https:\\\/\\\/cbit.webs.upv.es\\\/#\\\/schema\\\/logo\\\/image\\\/\"},\"sameAs\":[\"https:\\\/\\\/x.com\\\/CBIT_upv\"]}]}<\/script>\n<!-- \/ Yoast SEO plugin. -->","yoast_head_json":{"title":"BIOCORD - CBIT","robots":{"index":"index","follow":"follow","max-snippet":"max-snippet:-1","max-image-preview":"max-image-preview:large","max-video-preview":"max-video-preview:-1"},"canonical":"https:\/\/cbit.webs.upv.es\/index.php\/showcase\/biocord\/","og_locale":"es_ES","og_type":"article","og_title":"BIOCORD - CBIT","og_description":"BIOCORD, \u00abA new bio-active device for Spinal Cord Injury regeneration\u00bb\u00a0is a three year project funded by the 2018 Spanish State&hellip;","og_url":"https:\/\/cbit.webs.upv.es\/index.php\/showcase\/biocord\/","og_site_name":"CBIT","article_modified_time":"2021-10-26T11:38:52+00:00","twitter_card":"summary_large_image","twitter_site":"@CBIT_upv","twitter_misc":{"Tiempo de lectura":"1 minuto"},"schema":{"@context":"https:\/\/schema.org","@graph":[{"@type":"WebPage","@id":"https:\/\/cbit.webs.upv.es\/index.php\/showcase\/biocord\/","url":"https:\/\/cbit.webs.upv.es\/index.php\/showcase\/biocord\/","name":"BIOCORD - CBIT","isPartOf":{"@id":"https:\/\/cbit.webs.upv.es\/#website"},"datePublished":"2021-10-26T11:02:38+00:00","dateModified":"2021-10-26T11:38:52+00:00","breadcrumb":{"@id":"https:\/\/cbit.webs.upv.es\/index.php\/showcase\/biocord\/#breadcrumb"},"inLanguage":"es","potentialAction":[{"@type":"ReadAction","target":["https:\/\/cbit.webs.upv.es\/index.php\/showcase\/biocord\/"]}]},{"@type":"BreadcrumbList","@id":"https:\/\/cbit.webs.upv.es\/index.php\/showcase\/biocord\/#breadcrumb","itemListElement":[{"@type":"ListItem","position":1,"name":"Home","item":"https:\/\/cbit.webs.upv.es\/"},{"@type":"ListItem","position":2,"name":"Projects Showcase","item":"https:\/\/cbit.webs.upv.es\/index.php\/showcase\/"},{"@type":"ListItem","position":3,"name":"BIOCORD"}]},{"@type":"WebSite","@id":"https:\/\/cbit.webs.upv.es\/#website","url":"https:\/\/cbit.webs.upv.es\/","name":"Centre for Biomaterials and Tissue Engineering - UPV","description":"Centre for Biomaterials and Tissue Engineering at the Universitat Polit\u00e8cnica de Val\u00e8ncia","publisher":{"@id":"https:\/\/cbit.webs.upv.es\/#organization"},"potentialAction":[{"@type":"SearchAction","target":{"@type":"EntryPoint","urlTemplate":"https:\/\/cbit.webs.upv.es\/?s={search_term_string}"},"query-input":{"@type":"PropertyValueSpecification","valueRequired":true,"valueName":"search_term_string"}}],"inLanguage":"es"},{"@type":"Organization","@id":"https:\/\/cbit.webs.upv.es\/#organization","name":"Centre for Biomaterials and Tissue Engineering - UPV","url":"https:\/\/cbit.webs.upv.es\/","logo":{"@type":"ImageObject","inLanguage":"es","@id":"https:\/\/cbit.webs.upv.es\/#\/schema\/logo\/image\/","url":"https:\/\/cbit.webs.upv.es\/wp-content\/uploads\/2019\/10\/logo-CBIT-grande.png","contentUrl":"https:\/\/cbit.webs.upv.es\/wp-content\/uploads\/2019\/10\/logo-CBIT-grande.png","width":2268,"height":689,"caption":"Centre for Biomaterials and Tissue Engineering - UPV"},"image":{"@id":"https:\/\/cbit.webs.upv.es\/#\/schema\/logo\/image\/"},"sameAs":["https:\/\/x.com\/CBIT_upv"]}]}},"jetpack_sharing_enabled":true,"_links":{"self":[{"href":"https:\/\/cbit.webs.upv.es\/index.php\/wp-json\/wp\/v2\/pages\/694","targetHints":{"allow":["GET"]}}],"collection":[{"href":"https:\/\/cbit.webs.upv.es\/index.php\/wp-json\/wp\/v2\/pages"}],"about":[{"href":"https:\/\/cbit.webs.upv.es\/index.php\/wp-json\/wp\/v2\/types\/page"}],"author":[{"embeddable":true,"href":"https:\/\/cbit.webs.upv.es\/index.php\/wp-json\/wp\/v2\/users\/1"}],"replies":[{"embeddable":true,"href":"https:\/\/cbit.webs.upv.es\/index.php\/wp-json\/wp\/v2\/comments?post=694"}],"version-history":[{"count":4,"href":"https:\/\/cbit.webs.upv.es\/index.php\/wp-json\/wp\/v2\/pages\/694\/revisions"}],"predecessor-version":[{"id":711,"href":"https:\/\/cbit.webs.upv.es\/index.php\/wp-json\/wp\/v2\/pages\/694\/revisions\/711"}],"up":[{"embeddable":true,"href":"https:\/\/cbit.webs.upv.es\/index.php\/wp-json\/wp\/v2\/pages\/343"}],"wp:attachment":[{"href":"https:\/\/cbit.webs.upv.es\/index.php\/wp-json\/wp\/v2\/media?parent=694"}],"curies":[{"name":"wp","href":"https:\/\/api.w.org\/{rel}","templated":true}]}}